{"id":11003,"date":"2019-09-24T10:21:42","date_gmt":"2019-09-24T09:21:42","guid":{"rendered":"https:\/\/www.mayordomo.es\/politica-de-calidad\/"},"modified":"2019-09-24T11:04:11","modified_gmt":"2019-09-24T10:04:11","slug":"politica-de-calidad","status":"publish","type":"page","link":"https:\/\/mayordomo.es\/fr\/politica-de-calidad\/","title":{"rendered":"Politique de qualit\u00e9"},"content":{"rendered":"<h1>Politique de qualit\u00e9<\/h1>\n\n\n\n<p>Le Conseil d\u2019Administration de&nbsp;<strong>Quimi Romar SLU<\/strong>, &nbsp;dispose d\u2019un Syst\u00e8me de Gestion de Qualit\u00e9 (SGQ) bas\u00e9 sur la Politique de Qualit\u00e9 de l\u2019entreprise, et qui prend en compte les parties int\u00e9ress\u00e9es (cadre de travail, employ\u00e9s, concurrence..), li\u00e9es \u00e0 nos activit\u00e9s. Il contribue \u00e0 g\u00e9n\u00e9rer la confiance autant en interne que parmi nos clients, sur la capacit\u00e9 qu\u2019a l\u2019entreprise \u00e0 \u00e9laborer et fournir des produits conformes qui satisfont ses clients, et d\u2019\u00e9tendre ainsi ses march\u00e9s.<\/p>\n\n\n\n<p>Agissant comme Autorit\u00e9 responsable de l\u2019application de la Politique de Qualit\u00e9, le Conseil d\u2019Administration de&nbsp;<strong>Quimi Romar SLU<\/strong>, se fait garant&nbsp; de l\u2019ex\u00e9cution et de la maintenance de ce Syst\u00e8me de Gestion de Qualit\u00e9 pour assurer l\u2019am\u00e9lioration continue,&nbsp; entrer et faire entrer en conformit\u00e9 les responsabilit\u00e9s et activit\u00e9s assign\u00e9es dans le SGQ, \u00e0 tous les niveaux de l\u2019Entreprise.<\/p>\n\n\n\n<p>La direction de l\u2019entreprise, par le biais de son pr\u00e9sident, assume la responsabilit\u00e9 li\u00e9e \u00e0 l\u2019ex\u00e9cution correcte des Bonnes Pratiques de Fabrication (BPF \u2013&nbsp;<em>GMP Good Manufacturing Practices<\/em>) et s\u2019engage \u00e0 utiliser toutes les ressources n\u00e9cessaires \u00e0 cette fin. La r\u00e9alisation de ces objectifs requiert la participation et l\u2019engagement de tout le personnel de l\u2019entreprise ainsi que le personnel ext\u00e9rieur.<\/p>\n\n\n\n<p>La Politique de Qualit\u00e9 de&nbsp;<strong>Quimi Romar SLU<\/strong>&nbsp;se base sur&nbsp;:<\/p>\n\n\n\n<ul class=\"wp-block-list\"><li>Organiser, impl\u00e9menter et maintenir un Syst\u00e8me de Qualit\u00e9 adapt\u00e9 \u00e0 nos activit\u00e9s et \u00e0 la nature des produits d\u2019hygi\u00e8ne personnelle, de nettoyage, insecticides, et en particulier la ligne de cosm\u00e9tiques qui satisfont la demande de nos clients, avec la meilleure technologie possible.<\/li><li>\u00catre en conformit\u00e9 avec les exigences l\u00e9gales et les normes applicables<\/li><li>S\u2019assurer que les fournisseurs de mati\u00e8res premi\u00e8res soient en conformit\u00e9 avec les crit\u00e8res de qualit\u00e9s, prix et services.<\/li><li>Livrer les produits \u00e0 des prix comp\u00e9titifs, dans des d\u00e9lais acceptables, en conservant une r\u00e9putation de bon rapport qualit\u00e9, service et prix.<\/li><li>La validation d\u2019un esprit innovant, appuy\u00e9 par un plan de formation continue.<\/li><\/ul>\n\n\n\n<p>L\u2019objectif final de&nbsp;<strong>Quimi Romar SLU<\/strong>&nbsp;est de parvenir \u00e0 une place de choix dans le march\u00e9 et que nos clients b\u00e9n\u00e9ficient des am\u00e9liorations obtenues de l\u2019ex\u00e9cution correcte du Syst\u00e8me de Gestion de Qualit\u00e9 et de la conformit\u00e9 avec les BPF.<\/p>\n\n\n\n<p>Luis Gil<br>Pr\u00e9sident<br><strong>QUIMI ROMAR SLU<\/strong><\/p>","protected":false},"excerpt":{"rendered":"<p><span class=\"excerpt-hellip\"> [\u2026]<\/span><\/p>","protected":false},"author":3,"featured_media":0,"parent":0,"menu_order":0,"comment_status":"closed","ping_status":"closed","template":"","meta":{"footnotes":""},"class_list":["post-11003","page","type-page","status-publish","hentry"],"yoast_head":"<!-- This site is optimized with the Yoast SEO plugin v24.5 - https:\/\/yoast.com\/wordpress\/plugins\/seo\/ -->\n<title>Politique de qualit\u00e9 | Mayordomo<\/title>\n<meta name=\"robots\" content=\"noindex, nofollow\" \/>\n<meta property=\"og:locale\" content=\"fr_FR\" \/>\n<meta property=\"og:type\" content=\"article\" \/>\n<meta property=\"og:title\" content=\"Politique de qualit\u00e9 | Mayordomo\" \/>\n<meta property=\"og:description\" content=\"[\u2026]\" \/>\n<meta property=\"og:url\" content=\"https:\/\/mayordomo.es\/fr\/politica-de-calidad\/\" \/>\n<meta property=\"og:site_name\" content=\"Mayordomo\" \/>\n<meta property=\"article:modified_time\" content=\"2019-09-24T10:04:11+00:00\" \/>\n<meta name=\"twitter:card\" content=\"summary_large_image\" \/>\n<meta name=\"twitter:label1\" content=\"Dur\u00e9e de lecture estim\u00e9e\" \/>\n\t<meta name=\"twitter:data1\" content=\"2 minutes\" \/>\n<script type=\"application\/ld+json\" class=\"yoast-schema-graph\">{\"@context\":\"https:\/\/schema.org\",\"@graph\":[{\"@type\":\"WebPage\",\"@id\":\"https:\/\/mayordomo.es\/fr\/politica-de-calidad\/\",\"url\":\"https:\/\/mayordomo.es\/fr\/politica-de-calidad\/\",\"name\":\"Politique de qualit\u00e9 | Mayordomo\",\"isPartOf\":{\"@id\":\"https:\/\/mayordomo.es\/fr\/#website\"},\"datePublished\":\"2019-09-24T09:21:42+00:00\",\"dateModified\":\"2019-09-24T10:04:11+00:00\",\"breadcrumb\":{\"@id\":\"https:\/\/mayordomo.es\/fr\/politica-de-calidad\/#breadcrumb\"},\"inLanguage\":\"fr-FR\",\"potentialAction\":[{\"@type\":\"ReadAction\",\"target\":[\"https:\/\/mayordomo.es\/fr\/politica-de-calidad\/\"]}]},{\"@type\":\"BreadcrumbList\",\"@id\":\"https:\/\/mayordomo.es\/fr\/politica-de-calidad\/#breadcrumb\",\"itemListElement\":[{\"@type\":\"ListItem\",\"position\":1,\"name\":\"Home\",\"item\":\"https:\/\/mayordomo.es\/fr\/\"},{\"@type\":\"ListItem\",\"position\":2,\"name\":\"Politique de qualit\u00e9\"}]},{\"@type\":\"WebSite\",\"@id\":\"https:\/\/mayordomo.es\/fr\/#website\",\"url\":\"https:\/\/mayordomo.es\/fr\/\",\"name\":\"Mayordomo\",\"description\":\"Limpieza del hogar y cuidado de la ropa\",\"publisher\":{\"@id\":\"https:\/\/mayordomo.es\/fr\/#organization\"},\"potentialAction\":[{\"@type\":\"SearchAction\",\"target\":{\"@type\":\"EntryPoint\",\"urlTemplate\":\"https:\/\/mayordomo.es\/fr\/?s={search_term_string}\"},\"query-input\":{\"@type\":\"PropertyValueSpecification\",\"valueRequired\":true,\"valueName\":\"search_term_string\"}}],\"inLanguage\":\"fr-FR\"},{\"@type\":\"Organization\",\"@id\":\"https:\/\/mayordomo.es\/fr\/#organization\",\"name\":\"Mayordomo\",\"url\":\"https:\/\/mayordomo.es\/fr\/\",\"logo\":{\"@type\":\"ImageObject\",\"inLanguage\":\"fr-FR\",\"@id\":\"https:\/\/mayordomo.es\/fr\/#\/schema\/logo\/image\/\",\"url\":\"https:\/\/mayordomo.es\/wp-content\/uploads\/black2x.svg\",\"contentUrl\":\"https:\/\/mayordomo.es\/wp-content\/uploads\/black2x.svg\",\"width\":229,\"height\":89,\"caption\":\"Mayordomo\"},\"image\":{\"@id\":\"https:\/\/mayordomo.es\/fr\/#\/schema\/logo\/image\/\"}}]}<\/script>\n<!-- \/ Yoast SEO plugin. -->","yoast_head_json":{"title":"Politique de qualit\u00e9 | Mayordomo","robots":{"index":"noindex","follow":"nofollow"},"og_locale":"fr_FR","og_type":"article","og_title":"Politique de qualit\u00e9 | Mayordomo","og_description":"[\u2026]","og_url":"https:\/\/mayordomo.es\/fr\/politica-de-calidad\/","og_site_name":"Mayordomo","article_modified_time":"2019-09-24T10:04:11+00:00","twitter_card":"summary_large_image","twitter_misc":{"Dur\u00e9e de lecture estim\u00e9e":"2 minutes"},"schema":{"@context":"https:\/\/schema.org","@graph":[{"@type":"WebPage","@id":"https:\/\/mayordomo.es\/fr\/politica-de-calidad\/","url":"https:\/\/mayordomo.es\/fr\/politica-de-calidad\/","name":"Politique de qualit\u00e9 | Mayordomo","isPartOf":{"@id":"https:\/\/mayordomo.es\/fr\/#website"},"datePublished":"2019-09-24T09:21:42+00:00","dateModified":"2019-09-24T10:04:11+00:00","breadcrumb":{"@id":"https:\/\/mayordomo.es\/fr\/politica-de-calidad\/#breadcrumb"},"inLanguage":"fr-FR","potentialAction":[{"@type":"ReadAction","target":["https:\/\/mayordomo.es\/fr\/politica-de-calidad\/"]}]},{"@type":"BreadcrumbList","@id":"https:\/\/mayordomo.es\/fr\/politica-de-calidad\/#breadcrumb","itemListElement":[{"@type":"ListItem","position":1,"name":"Home","item":"https:\/\/mayordomo.es\/fr\/"},{"@type":"ListItem","position":2,"name":"Politique de qualit\u00e9"}]},{"@type":"WebSite","@id":"https:\/\/mayordomo.es\/fr\/#website","url":"https:\/\/mayordomo.es\/fr\/","name":"Mayordomo","description":"Limpieza del hogar y cuidado de la ropa","publisher":{"@id":"https:\/\/mayordomo.es\/fr\/#organization"},"potentialAction":[{"@type":"SearchAction","target":{"@type":"EntryPoint","urlTemplate":"https:\/\/mayordomo.es\/fr\/?s={search_term_string}"},"query-input":{"@type":"PropertyValueSpecification","valueRequired":true,"valueName":"search_term_string"}}],"inLanguage":"fr-FR"},{"@type":"Organization","@id":"https:\/\/mayordomo.es\/fr\/#organization","name":"Mayordomo","url":"https:\/\/mayordomo.es\/fr\/","logo":{"@type":"ImageObject","inLanguage":"fr-FR","@id":"https:\/\/mayordomo.es\/fr\/#\/schema\/logo\/image\/","url":"https:\/\/mayordomo.es\/wp-content\/uploads\/black2x.svg","contentUrl":"https:\/\/mayordomo.es\/wp-content\/uploads\/black2x.svg","width":229,"height":89,"caption":"Mayordomo"},"image":{"@id":"https:\/\/mayordomo.es\/fr\/#\/schema\/logo\/image\/"}}]}},"_links":{"self":[{"href":"https:\/\/mayordomo.es\/fr\/wp-json\/wp\/v2\/pages\/11003","targetHints":{"allow":["GET"]}}],"collection":[{"href":"https:\/\/mayordomo.es\/fr\/wp-json\/wp\/v2\/pages"}],"about":[{"href":"https:\/\/mayordomo.es\/fr\/wp-json\/wp\/v2\/types\/page"}],"author":[{"embeddable":true,"href":"https:\/\/mayordomo.es\/fr\/wp-json\/wp\/v2\/users\/3"}],"replies":[{"embeddable":true,"href":"https:\/\/mayordomo.es\/fr\/wp-json\/wp\/v2\/comments?post=11003"}],"version-history":[{"count":3,"href":"https:\/\/mayordomo.es\/fr\/wp-json\/wp\/v2\/pages\/11003\/revisions"}],"predecessor-version":[{"id":11006,"href":"https:\/\/mayordomo.es\/fr\/wp-json\/wp\/v2\/pages\/11003\/revisions\/11006"}],"wp:attachment":[{"href":"https:\/\/mayordomo.es\/fr\/wp-json\/wp\/v2\/media?parent=11003"}],"curies":[{"name":"wp","href":"https:\/\/api.w.org\/{rel}","templated":true}]}}