{"id":8368,"date":"2017-04-04T14:28:56","date_gmt":"2017-04-04T13:28:56","guid":{"rendered":"https:\/\/www.quimiromar.com\/contacto\/"},"modified":"2023-06-28T14:03:24","modified_gmt":"2023-06-28T13:03:24","slug":"contacto","status":"publish","type":"page","link":"https:\/\/mayordomo.es\/fr\/contacto\/","title":{"rendered":"Contacto"},"content":{"rendered":"<div class=\"wpb-content-wrapper\"><p>[vc_row full_width=\u00a0\u00bbstretch_row\u00a0\u00bb el_class=\u00a0\u00bbcontacto_h1&Prime;][vc_column][vc_column_text]<\/p>\n<h1 style=\"text-align: center;\">Contactez-nous<\/h1>\n<p>[\/vc_column_text][\/vc_column][\/vc_row][vc_row full_width=\u00a0\u00bbstretch_row\u00a0\u00bb el_id=\u00a0\u00bbcontacto\u00a0\u00bb el_class=\u00a0\u00bbcontacto\u00a0\u00bb][vc_column width=\u00a0\u00bb1\/2&Prime;]\n<div class=\"wpcf7 no-js\" id=\"wpcf7-f8362-o1\" lang=\"es-ES\" dir=\"ltr\">\n<div class=\"screen-reader-response\"><p role=\"status\" aria-live=\"polite\" aria-atomic=\"true\"><\/p> <ul><\/ul><\/div>\n<form action=\"\/fr\/wp-json\/wp\/v2\/pages\/8368#wpcf7-f8362-o1\" method=\"post\" class=\"wpcf7-form init\" aria-label=\"Formulario de contacto\" novalidate=\"novalidate\" data-status=\"init\">\n<div style=\"display: none;\">\n<input type=\"hidden\" name=\"_wpcf7\" value=\"8362\" \/>\n<input type=\"hidden\" name=\"_wpcf7_version\" value=\"5.9.8\" \/>\n<input type=\"hidden\" name=\"_wpcf7_locale\" value=\"es_ES\" \/>\n<input type=\"hidden\" name=\"_wpcf7_unit_tag\" value=\"wpcf7-f8362-o1\" \/>\n<input type=\"hidden\" name=\"_wpcf7_container_post\" value=\"0\" \/>\n<input type=\"hidden\" name=\"_wpcf7_posted_data_hash\" value=\"\" \/>\n<\/div>\n<p><label> Personne de contact:<br \/>\n<span class=\"wpcf7-form-control-wrap\" data-name=\"nombre\"><input size=\"40\" maxlength=\"400\" class=\"wpcf7-form-control wpcf7-text wpcf7-validates-as-required\" aria-required=\"true\" aria-invalid=\"false\" placeholder=\"Nom complet\" value=\"\" type=\"text\" name=\"nombre\" \/><\/span> <\/label>\n<\/p>\n<p><label> Email:<br \/>\n<span class=\"wpcf7-form-control-wrap\" data-name=\"email\"><input size=\"40\" maxlength=\"400\" class=\"wpcf7-form-control wpcf7-email wpcf7-validates-as-required wpcf7-text wpcf7-validates-as-email\" aria-required=\"true\" aria-invalid=\"false\" placeholder=\"Votre email\" value=\"\" type=\"email\" name=\"email\" \/><\/span> <\/label>\n<\/p>\n<p><label> T\u00e9l\u00e9phone:<br \/>\n<span class=\"wpcf7-form-control-wrap\" data-name=\"telefono\"><input size=\"40\" maxlength=\"400\" class=\"wpcf7-form-control wpcf7-tel wpcf7-text wpcf7-validates-as-tel\" aria-invalid=\"false\" placeholder=\"T\u00e9l\u00e9phone avec pr\u00e9fixe\" value=\"\" type=\"tel\" name=\"telefono\" \/><\/span> <\/label>\n<\/p>\n<p><label> Soci\u00e9t\u00e9<br \/>\n<span class=\"wpcf7-form-control-wrap\" data-name=\"empresa\"><input size=\"40\" maxlength=\"400\" class=\"wpcf7-form-control wpcf7-text\" aria-invalid=\"false\" placeholder=\"Soci\u00e9t\u00e9 \u00e0 laquelle vous appartenez\" value=\"\" type=\"text\" name=\"empresa\" \/><\/span> <\/label>\n<\/p>\n<p><label> Pays<br \/>\n<span class=\"wpcf7-form-control-wrap\" data-name=\"pais\"><select class=\"wpcf7-form-control wpcf7-select\" aria-invalid=\"false\" name=\"pais\"><option value=\"S\u00e9lectionnez votre pays\">S\u00e9lectionnez votre pays<\/option><option value=\"Afghanistan\">Afghanistan<\/option><option value=\"Albania\">Albania<\/option><option value=\"Algeria\">Algeria<\/option><option value=\"Andorra\">Andorra<\/option><option value=\"Angola\">Angola<\/option><option value=\"Antigua &amp; Deps\">Antigua &amp; Deps<\/option><option value=\"Argentina\">Argentina<\/option><option value=\"Armenia\">Armenia<\/option><option value=\"Australia\">Australia<\/option><option value=\"Austria\">Austria<\/option><option value=\"Azerbaijan\">Azerbaijan<\/option><option value=\"Bahamas\">Bahamas<\/option><option value=\"Bahrain\">Bahrain<\/option><option value=\"Bangladesh\">Bangladesh<\/option><option value=\"Barbados\">Barbados<\/option><option value=\"Belarus\">Belarus<\/option><option value=\"Belgium\">Belgium<\/option><option value=\"Belize\">Belize<\/option><option value=\"Benin\">Benin<\/option><option value=\"Bhutan\">Bhutan<\/option><option value=\"Bolivia\">Bolivia<\/option><option value=\"Bosnia Herzegovina\">Bosnia Herzegovina<\/option><option value=\"Botswana\">Botswana<\/option><option value=\"Brazil\">Brazil<\/option><option value=\"Brunei\">Brunei<\/option><option value=\"Bulgaria\">Bulgaria<\/option><option value=\"Burkina\">Burkina<\/option><option value=\"Burundi\">Burundi<\/option><option value=\"Cambodia\">Cambodia<\/option><option value=\"Cameroon\">Cameroon<\/option><option value=\"Canada\">Canada<\/option><option value=\"Cape Verde\">Cape Verde<\/option><option value=\"Central African Rep\">Central African Rep<\/option><option value=\"Chad\">Chad<\/option><option value=\"Chile\">Chile<\/option><option value=\"China\">China<\/option><option value=\"Colombia\">Colombia<\/option><option value=\"Comoros\">Comoros<\/option><option value=\"Congo\">Congo<\/option><option value=\"Congo {Democratic Rep}\">Congo {Democratic Rep}<\/option><option value=\"Costa Rica\">Costa Rica<\/option><option value=\"Croatia\">Croatia<\/option><option value=\"Cuba\">Cuba<\/option><option value=\"Cyprus\">Cyprus<\/option><option value=\"Czech Republic\">Czech Republic<\/option><option value=\"Denmark\">Denmark<\/option><option value=\"Djibouti\">Djibouti<\/option><option value=\"Dominica\">Dominica<\/option><option value=\"Dominican Republic\">Dominican Republic<\/option><option value=\"East Timor\">East Timor<\/option><option value=\"Ecuador\">Ecuador<\/option><option value=\"Egypt\">Egypt<\/option><option value=\"El Salvador\">El Salvador<\/option><option value=\"Equatorial Guinea\">Equatorial Guinea<\/option><option value=\"Eritrea\">Eritrea<\/option><option value=\"Estonia\">Estonia<\/option><option value=\"Ethiopia\">Ethiopia<\/option><option value=\"Fiji\">Fiji<\/option><option value=\"Finland\">Finland<\/option><option value=\"France\">France<\/option><option value=\"Gabon\">Gabon<\/option><option value=\"Gambia\">Gambia<\/option><option value=\"Georgia\">Georgia<\/option><option value=\"Germany\">Germany<\/option><option value=\"Ghana\">Ghana<\/option><option value=\"Greece\">Greece<\/option><option value=\"Grenada\">Grenada<\/option><option value=\"Guatemala\">Guatemala<\/option><option value=\"Guinea\">Guinea<\/option><option value=\"Guinea-Bissau\">Guinea-Bissau<\/option><option value=\"Guyana\">Guyana<\/option><option value=\"Haiti\">Haiti<\/option><option value=\"Honduras\">Honduras<\/option><option value=\"Hungary\">Hungary<\/option><option value=\"Iceland\">Iceland<\/option><option value=\"India\">India<\/option><option value=\"Indonesia\">Indonesia<\/option><option value=\"Iran\">Iran<\/option><option value=\"Iraq\">Iraq<\/option><option value=\"Ireland {Republic}\">Ireland {Republic}<\/option><option value=\"Israel\">Israel<\/option><option value=\"Italy\">Italy<\/option><option value=\"Ivory Coast\">Ivory Coast<\/option><option value=\"Jamaica\">Jamaica<\/option><option value=\"Japan\">Japan<\/option><option value=\"Jordan\">Jordan<\/option><option value=\"Kazakhstan\">Kazakhstan<\/option><option value=\"Kenya\">Kenya<\/option><option value=\"Kiribati\">Kiribati<\/option><option value=\"Korea North\">Korea North<\/option><option value=\"Korea South\">Korea South<\/option><option value=\"Kosovo\">Kosovo<\/option><option value=\"Kuwait\">Kuwait<\/option><option value=\"Kyrgyzstan\">Kyrgyzstan<\/option><option value=\"Laos\">Laos<\/option><option value=\"Latvia\">Latvia<\/option><option value=\"Lebanon\">Lebanon<\/option><option value=\"Lesotho\">Lesotho<\/option><option value=\"Liberia\">Liberia<\/option><option value=\"Libya\">Libya<\/option><option value=\"Liechtenstein\">Liechtenstein<\/option><option value=\"Lithuania\">Lithuania<\/option><option value=\"Luxembourg\">Luxembourg<\/option><option value=\"Macedonia\">Macedonia<\/option><option value=\"Madagascar\">Madagascar<\/option><option value=\"Malawi\">Malawi<\/option><option value=\"Malaysia\">Malaysia<\/option><option value=\"Maldives\">Maldives<\/option><option value=\"Mali\">Mali<\/option><option value=\"Malta\">Malta<\/option><option value=\"Marshall Islands\">Marshall Islands<\/option><option value=\"Mauritania\">Mauritania<\/option><option value=\"Mauritius\">Mauritius<\/option><option value=\"Mexico\">Mexico<\/option><option value=\"Micronesia\">Micronesia<\/option><option value=\"Moldova\">Moldova<\/option><option value=\"Monaco\">Monaco<\/option><option value=\"Mongolia\">Mongolia<\/option><option value=\"Montenegro\">Montenegro<\/option><option value=\"Morocco\">Morocco<\/option><option value=\"Mozambique\">Mozambique<\/option><option value=\"Myanmar, {Burma}\">Myanmar, {Burma}<\/option><option value=\"Namibia\">Namibia<\/option><option value=\"Nauru\">Nauru<\/option><option value=\"Nepal\">Nepal<\/option><option value=\"Netherlands\">Netherlands<\/option><option value=\"New Zealand\">New Zealand<\/option><option value=\"Nicaragua\">Nicaragua<\/option><option value=\"Niger\">Niger<\/option><option value=\"Nigeria\">Nigeria<\/option><option value=\"Norway\">Norway<\/option><option value=\"Oman\">Oman<\/option><option value=\"Pakistan\">Pakistan<\/option><option value=\"Palau\">Palau<\/option><option value=\"Panama\">Panama<\/option><option value=\"Papua New Guinea\">Papua New Guinea<\/option><option value=\"Paraguay\">Paraguay<\/option><option value=\"Peru\">Peru<\/option><option value=\"Philippines\">Philippines<\/option><option value=\"Poland\">Poland<\/option><option value=\"Portugal\">Portugal<\/option><option value=\"Qatar\">Qatar<\/option><option value=\"Romania\">Romania<\/option><option value=\"Russian Federation\">Russian Federation<\/option><option value=\"Rwanda\">Rwanda<\/option><option value=\"St Kitts &amp; Nevis\">St Kitts &amp; Nevis<\/option><option value=\"St Lucia\">St Lucia<\/option><option value=\"Saint Vincent &amp; the Grenadines\">Saint Vincent &amp; the Grenadines<\/option><option value=\"Samoa\">Samoa<\/option><option value=\"San Marino\">San Marino<\/option><option value=\"Sao Tome &amp; Principe\">Sao Tome &amp; Principe<\/option><option value=\"Saudi Arabia\">Saudi Arabia<\/option><option value=\"Senegal\">Senegal<\/option><option value=\"Serbia\">Serbia<\/option><option value=\"Seychelles\">Seychelles<\/option><option value=\"Sierra Leone\">Sierra Leone<\/option><option value=\"Singapore\">Singapore<\/option><option value=\"Slovakia\">Slovakia<\/option><option value=\"Slovenia\">Slovenia<\/option><option value=\"Solomon Islands\">Solomon Islands<\/option><option value=\"Somalia\">Somalia<\/option><option value=\"South Africa\">South Africa<\/option><option value=\"South Sudan\">South Sudan<\/option><option value=\"Spain\">Spain<\/option><option value=\"Sri Lanka\">Sri Lanka<\/option><option value=\"Sudan\">Sudan<\/option><option value=\"Suriname\">Suriname<\/option><option value=\"Swaziland\">Swaziland<\/option><option value=\"Sweden\">Sweden<\/option><option value=\"Switzerland\">Switzerland<\/option><option value=\"Syria\">Syria<\/option><option value=\"Taiwan\">Taiwan<\/option><option value=\"Tajikistan\">Tajikistan<\/option><option value=\"Tanzania\">Tanzania<\/option><option value=\"Thailand\">Thailand<\/option><option value=\"Togo\">Togo<\/option><option value=\"Tonga\">Tonga<\/option><option value=\"Trinidad &amp; Tobago\">Trinidad &amp; Tobago<\/option><option value=\"Tunisia\">Tunisia<\/option><option value=\"Turkey\">Turkey<\/option><option value=\"Turkmenistan\">Turkmenistan<\/option><option value=\"Tuvalu\">Tuvalu<\/option><option value=\"Uganda\">Uganda<\/option><option value=\"Ukraine\">Ukraine<\/option><option value=\"United Arab Emirates\">United Arab Emirates<\/option><option value=\"United Kingdom\">United Kingdom<\/option><option value=\"United States\">United States<\/option><option value=\"Uruguay\">Uruguay<\/option><option value=\"Uzbekistan\">Uzbekistan<\/option><option value=\"Vanuatu\">Vanuatu<\/option><option value=\"Vatican City\">Vatican City<\/option><option value=\"Venezuela\">Venezuela<\/option><option value=\"Vietnam\">Vietnam<\/option><option value=\"Yemen\">Yemen<\/option><option value=\"Zambia\">Zambia<\/option><option value=\"Zimbabwe\">Zimbabwe<\/option><\/select><\/span><\/label>\n<\/p>\n<p><label> Message<br \/>\n<span class=\"wpcf7-form-control-wrap\" data-name=\"mensaje\"><textarea cols=\"40\" rows=\"10\" maxlength=\"2000\" class=\"wpcf7-form-control wpcf7-textarea\" aria-invalid=\"false\" placeholder=\"D\u00e9crivez bri\u00e8vement la raison de votre demande\" name=\"mensaje\"><\/textarea><\/span> <\/label>\n<\/p>\n<div class=\"ac-privacy checkbox checkbox-info checkbox-circle\">\n\t<p><span class=\"wpcf7-form-control-wrap\" data-name=\"ac-privacy\"><span class=\"wpcf7-form-control wpcf7-acceptance\"><span class=\"wpcf7-list-item\"><input type=\"checkbox\" name=\"ac-privacy\" value=\"1\" class=\"checkbox-circle\" aria-invalid=\"false\" \/><\/span><\/span><\/span> J'ai lu et accept\u00e9 <a href=\"\/fr\/politique-de-confidentialite\/\" target=\"_blank\" rel=\"nofollow\">la politique de confidentialit\u00e9 et de <\/a><a href=\"\/fr\/politique-de-cookie\/\" target=\"_blank\" rel=\"nofollow\">cookies<\/a> ainsi que les <a href=\"\/fr\/legal-data\/\" target=\"_blank\" rel=\"nofollow\">mentions l\u00e9gales<\/a> de ce site Web.\n\t<\/p>\n<\/div>\n<div class=\"ac-privacy checkbox checkbox-info checkbox-circle last-check\">\n\t<p><span class=\"wpcf7-form-control-wrap\" data-name=\"ch-publicidad\"><span class=\"wpcf7-form-control wpcf7-checkbox checkbox-circle\"><span class=\"wpcf7-list-item first last\"><input type=\"checkbox\" name=\"ch-publicidad[]\" value=\"accepte sans \u00e9quivoque de recevoir des bulletins d&#039;information, des bulletins d&#039;information ou des communications commerciales de cette entit\u00e9.\" \/><span class=\"wpcf7-list-item-label\">accepte sans \u00e9quivoque de recevoir des bulletins d&#039;information, des bulletins d&#039;information ou des communications commerciales de cette entit\u00e9.<\/span><\/span><\/span><\/span>\n\t<\/p>\n<\/div>\n<details>\n\t<summary>Informations de base sur la protection des donn\u00e9es :\n\t<\/summary>\n\t<table>\n\t\t<tr>\n\t\t\t<th>\n\t\t\t\t<p>Responsable\n\t\t\t\t<\/p>\n\t\t\t<\/th>\n\t\t\t<td>\n\t\t\t\t<p>QUIMI ROMAR S.L.U.\n\t\t\t\t<\/p>\n\t\t\t<\/td>\n\t\t<\/tr>\n\t\t<tr>\n\t\t\t<th>\n\t\t\t\t<p>Finalit\u00e9\n\t\t\t\t<\/p>\n\t\t\t<\/th>\n\t\t\t<td>\n\t\t\t\t<p>Gestion des demandes et services r\u00e9alis\u00e9s par le biais du site web de QUIMI ROMAR S.L.U.\n\t\t\t\t<\/p>\n\t\t\t<\/td>\n\t\t<\/tr>\n\t\t<tr>\n\t\t\t<th>\n\t\t\t\t<p>L\u00e9gitimation\n\t\t\t\t<\/p>\n\t\t\t<\/th>\n\t\t\t<td>\n\t\t\t\t<p>Relation contractuelle et\/ou consentement.\n\t\t\t\t<\/p>\n\t\t\t<\/td>\n\t\t<\/tr>\n\t\t<tr>\n\t\t\t<th>\n\t\t\t\t<p>Destinataires\n\t\t\t\t<\/p>\n\t\t\t<\/th>\n\t\t\t<td>\n\t\t\t\t<p>Vos donn\u00e9es seront conserv\u00e9es pendant toute la dur\u00e9e de la relation ou pendant les ann\u00e9es n\u00e9cessaires au respect des obligations l\u00e9gales.\n\t\t\t\t<\/p>\n\t\t\t<\/td>\n\t\t<\/tr>\n\t\t<tr>\n\t\t\t<th>\n\t\t\t\t<p>Droits\n\t\t\t\t<\/p>\n\t\t\t<\/th>\n\t\t\t<td>\n\t\t\t\t<p>Acc\u00e8s, rectification, suppression, limitation, portabilit\u00e9, opposition et pr\u00e9sentation d\u2019une r\u00e9clamation aupr\u00e8s de l\u2019AEPD\n\t\t\t\t<\/p>\n\t\t\t<\/td>\n\t\t<\/tr>\n\t\t<tr>\n\t\t\t<th>\n\t\t\t\t<p>Informations compl\u00e9mentaires\n\t\t\t\t<\/p>\n\t\t\t<\/th>\n\t\t\t<td>\n\t\t\t\t<p>Vous pouvez obtenir toutes les informations compl\u00e9mentaires et d\u00e9taill\u00e9es sur le traitement et la protection de vos donn\u00e9es personnelles en cliquant sur le lien (**inclure le lien dans la politique de confidentialit\u00e9)\n\t\t\t\t<\/p>\n\t\t\t<\/td>\n\t\t<\/tr>\n\t<\/table>\n<\/details>\n<p><input class=\"wpcf7-form-control wpcf7-submit has-spinner\" type=\"submit\" value=\"Envoyer\" \/>\n<\/p><div class=\"wpcf7-response-output\" aria-hidden=\"true\"><\/div>\n<\/form>\n<\/div>\n[\/vc_column][vc_column width=\u00a0\u00bb1\/2&Prime;][vc_column_text]<\/p>\n<ul class=\"contact-data\">\n<li><a href=\"tel:+34963211175\" rel=\"nofollow noindex\"><img fetchpriority=\"high\" decoding=\"async\" class=\"alignnone size-medium wp-image-10533\" role=\"img\" src=\"\/wp-content\/uploads\/phone.svg\" alt=\"mail\" width=\"300\" height=\"368\" \/><\/a><a href=\"tel:+34961399241\" rel=\"nofollow noindex\">(+34) 96 139 92 41<\/a><\/li>\n<li><a href=\"info@mayordomo.es\"><img decoding=\"async\" class=\"alignnone size-medium wp-image-10533\" role=\"img\" src=\"\/wp-content\/uploads\/mail.svg\" alt=\"mail\" width=\"300\" height=\"368\" \/><\/a><a href=\"mailto:info@quimiromar.com\">info@mayordomo.es<\/a><\/li>\n<li><a href=\"https:\/\/www.google.es\/maps\/place\/Quimi+Romar\/@39.5941003,-0.3953897,15z\/data=!4m5!3m4!1s0x0:0xfc61da02727c28d0!8m2!3d39.5941003!4d-0.3953897\" target=\"_blank\" rel=\"noopener noreferrer\"><img decoding=\"async\" class=\"alignnone size-medium wp-image-10533\" role=\"img\" src=\"\/wp-content\/uploads\/ping.svg\" alt=\"mail\" width=\"300\" height=\"368\" \/><\/a><a href=\"https:\/\/www.google.es\/maps\/place\/Quimi+Romar\/@39.5941003,-0.3953897,15z\/data=!4m5!3m4!1s0x0:0xfc61da02727c28d0!8m2!3d39.5941003!4d-0.3953897\" target=\"_blank\" rel=\"noopener noreferrer\">Pol\u00edgono Industrial N\u00ba 16, 34<br \/>\nCalle Z\u00e9fir 46119 N\u00e1quera (Valencia)<\/a><\/li>\n<\/ul>\n<p>[\/vc_column_text][vc_empty_space height=\u00a0\u00bb25px\u00a0\u00bb][vc_raw_html]JTNDaWZyYW1lJTIwc3JjJTNEJTIyaHR0cHMlM0ElMkYlMkZ3d3cuZ29vZ2xlLmNvbSUyRm1hcHMlMkZlbWJlZCUzRnBiJTNEJTIxMW0xNCUyMTFtOCUyMTFtMyUyMTFkMTIyOTcuODc4ODMwNTkzOTElMjEyZC0wLjM5NTM4OTclMjEzZDM5LjU5NDEwMDMlMjEzbTIlMjExaTEwMjQlMjEyaTc2OCUyMTRmMTMuMSUyMTNtMyUyMTFtMiUyMTFzMHhkNjA0M2IzMTc4MmJjNjUlMjUzQTB4ZmM2MWRhMDI3MjdjMjhkMCUyMTJzUXVpbWklMjUyMFJvbWFyJTIxNWUwJTIxM20yJTIxMXNlcyUyMTJzZXMlMjE0djE2ODc5NTQxMzEzMjMlMjE1bTIlMjExc2VzJTIxMnNlcyUyMiUyMHdpZHRoJTNEJTIyMTAwJTI1JTIyJTIwaGVpZ2h0JTNEJTIyMzAwJTIyJTIwc3R5bGUlM0QlMjJib3JkZXIlM0EwJTNCJTIyJTIwYWxsb3dmdWxsc2NyZWVuJTNEJTIyJTIyJTIwbG9hZGluZyUzRCUyMmxhenklMjIlMjByZWZlcnJlcnBvbGljeSUzRCUyMm5vLXJlZmVycmVyLXdoZW4tZG93bmdyYWRlJTIyJTNFJTNDJTJGaWZyYW1lJTNF[\/vc_raw_html][\/vc_column][\/vc_row]<\/p><\/div>","protected":false},"excerpt":{"rendered":"<p><span class=\"excerpt-hellip\"> [\u2026]<\/span><\/p>","protected":false},"author":1,"featured_media":0,"parent":0,"menu_order":0,"comment_status":"closed","ping_status":"closed","template":"","meta":{"footnotes":""},"class_list":["post-8368","page","type-page","status-publish","hentry"],"yoast_head":"<!-- This site is optimized with the Yoast SEO plugin v24.5 - https:\/\/yoast.com\/wordpress\/plugins\/seo\/ -->\n<title>Contacto | Mayordomo<\/title>\n<meta name=\"robots\" content=\"index, follow, max-snippet:-1, max-image-preview:large, max-video-preview:-1\" \/>\n<link rel=\"canonical\" href=\"https:\/\/mayordomo.es\/fr\/contacto\/\" \/>\n<meta property=\"og:locale\" content=\"fr_FR\" \/>\n<meta property=\"og:type\" content=\"article\" \/>\n<meta property=\"og:title\" content=\"Contacto | Mayordomo\" \/>\n<meta property=\"og:description\" content=\"[\u2026]\" \/>\n<meta property=\"og:url\" content=\"https:\/\/mayordomo.es\/fr\/contacto\/\" \/>\n<meta property=\"og:site_name\" content=\"Mayordomo\" \/>\n<meta property=\"article:modified_time\" content=\"2023-06-28T13:03:24+00:00\" \/>\n<meta name=\"twitter:card\" content=\"summary_large_image\" \/>\n<meta name=\"twitter:label1\" content=\"Dur\u00e9e de lecture estim\u00e9e\" \/>\n\t<meta name=\"twitter:data1\" content=\"1 minute\" \/>\n<script type=\"application\/ld+json\" class=\"yoast-schema-graph\">{\"@context\":\"https:\/\/schema.org\",\"@graph\":[{\"@type\":\"WebPage\",\"@id\":\"https:\/\/mayordomo.es\/fr\/contacto\/\",\"url\":\"https:\/\/mayordomo.es\/fr\/contacto\/\",\"name\":\"Contacto | Mayordomo\",\"isPartOf\":{\"@id\":\"https:\/\/mayordomo.es\/fr\/#website\"},\"datePublished\":\"2017-04-04T13:28:56+00:00\",\"dateModified\":\"2023-06-28T13:03:24+00:00\",\"breadcrumb\":{\"@id\":\"https:\/\/mayordomo.es\/fr\/contacto\/#breadcrumb\"},\"inLanguage\":\"fr-FR\",\"potentialAction\":[{\"@type\":\"ReadAction\",\"target\":[\"https:\/\/mayordomo.es\/fr\/contacto\/\"]}]},{\"@type\":\"BreadcrumbList\",\"@id\":\"https:\/\/mayordomo.es\/fr\/contacto\/#breadcrumb\",\"itemListElement\":[{\"@type\":\"ListItem\",\"position\":1,\"name\":\"Home\",\"item\":\"https:\/\/mayordomo.es\/fr\/\"},{\"@type\":\"ListItem\",\"position\":2,\"name\":\"Contacto\"}]},{\"@type\":\"WebSite\",\"@id\":\"https:\/\/mayordomo.es\/fr\/#website\",\"url\":\"https:\/\/mayordomo.es\/fr\/\",\"name\":\"Mayordomo\",\"description\":\"Limpieza del hogar y cuidado de la ropa\",\"publisher\":{\"@id\":\"https:\/\/mayordomo.es\/fr\/#organization\"},\"potentialAction\":[{\"@type\":\"SearchAction\",\"target\":{\"@type\":\"EntryPoint\",\"urlTemplate\":\"https:\/\/mayordomo.es\/fr\/?s={search_term_string}\"},\"query-input\":{\"@type\":\"PropertyValueSpecification\",\"valueRequired\":true,\"valueName\":\"search_term_string\"}}],\"inLanguage\":\"fr-FR\"},{\"@type\":\"Organization\",\"@id\":\"https:\/\/mayordomo.es\/fr\/#organization\",\"name\":\"Mayordomo\",\"url\":\"https:\/\/mayordomo.es\/fr\/\",\"logo\":{\"@type\":\"ImageObject\",\"inLanguage\":\"fr-FR\",\"@id\":\"https:\/\/mayordomo.es\/fr\/#\/schema\/logo\/image\/\",\"url\":\"https:\/\/mayordomo.es\/wp-content\/uploads\/black2x.svg\",\"contentUrl\":\"https:\/\/mayordomo.es\/wp-content\/uploads\/black2x.svg\",\"width\":229,\"height\":89,\"caption\":\"Mayordomo\"},\"image\":{\"@id\":\"https:\/\/mayordomo.es\/fr\/#\/schema\/logo\/image\/\"}}]}<\/script>\n<!-- \/ Yoast SEO plugin. -->","yoast_head_json":{"title":"Contacto | Mayordomo","robots":{"index":"index","follow":"follow","max-snippet":"max-snippet:-1","max-image-preview":"max-image-preview:large","max-video-preview":"max-video-preview:-1"},"canonical":"https:\/\/mayordomo.es\/fr\/contacto\/","og_locale":"fr_FR","og_type":"article","og_title":"Contacto | Mayordomo","og_description":"[\u2026]","og_url":"https:\/\/mayordomo.es\/fr\/contacto\/","og_site_name":"Mayordomo","article_modified_time":"2023-06-28T13:03:24+00:00","twitter_card":"summary_large_image","twitter_misc":{"Dur\u00e9e de lecture estim\u00e9e":"1 minute"},"schema":{"@context":"https:\/\/schema.org","@graph":[{"@type":"WebPage","@id":"https:\/\/mayordomo.es\/fr\/contacto\/","url":"https:\/\/mayordomo.es\/fr\/contacto\/","name":"Contacto | Mayordomo","isPartOf":{"@id":"https:\/\/mayordomo.es\/fr\/#website"},"datePublished":"2017-04-04T13:28:56+00:00","dateModified":"2023-06-28T13:03:24+00:00","breadcrumb":{"@id":"https:\/\/mayordomo.es\/fr\/contacto\/#breadcrumb"},"inLanguage":"fr-FR","potentialAction":[{"@type":"ReadAction","target":["https:\/\/mayordomo.es\/fr\/contacto\/"]}]},{"@type":"BreadcrumbList","@id":"https:\/\/mayordomo.es\/fr\/contacto\/#breadcrumb","itemListElement":[{"@type":"ListItem","position":1,"name":"Home","item":"https:\/\/mayordomo.es\/fr\/"},{"@type":"ListItem","position":2,"name":"Contacto"}]},{"@type":"WebSite","@id":"https:\/\/mayordomo.es\/fr\/#website","url":"https:\/\/mayordomo.es\/fr\/","name":"Mayordomo","description":"Limpieza del hogar y cuidado de la ropa","publisher":{"@id":"https:\/\/mayordomo.es\/fr\/#organization"},"potentialAction":[{"@type":"SearchAction","target":{"@type":"EntryPoint","urlTemplate":"https:\/\/mayordomo.es\/fr\/?s={search_term_string}"},"query-input":{"@type":"PropertyValueSpecification","valueRequired":true,"valueName":"search_term_string"}}],"inLanguage":"fr-FR"},{"@type":"Organization","@id":"https:\/\/mayordomo.es\/fr\/#organization","name":"Mayordomo","url":"https:\/\/mayordomo.es\/fr\/","logo":{"@type":"ImageObject","inLanguage":"fr-FR","@id":"https:\/\/mayordomo.es\/fr\/#\/schema\/logo\/image\/","url":"https:\/\/mayordomo.es\/wp-content\/uploads\/black2x.svg","contentUrl":"https:\/\/mayordomo.es\/wp-content\/uploads\/black2x.svg","width":229,"height":89,"caption":"Mayordomo"},"image":{"@id":"https:\/\/mayordomo.es\/fr\/#\/schema\/logo\/image\/"}}]}},"_links":{"self":[{"href":"https:\/\/mayordomo.es\/fr\/wp-json\/wp\/v2\/pages\/8368","targetHints":{"allow":["GET"]}}],"collection":[{"href":"https:\/\/mayordomo.es\/fr\/wp-json\/wp\/v2\/pages"}],"about":[{"href":"https:\/\/mayordomo.es\/fr\/wp-json\/wp\/v2\/types\/page"}],"author":[{"embeddable":true,"href":"https:\/\/mayordomo.es\/fr\/wp-json\/wp\/v2\/users\/1"}],"replies":[{"embeddable":true,"href":"https:\/\/mayordomo.es\/fr\/wp-json\/wp\/v2\/comments?post=8368"}],"version-history":[{"count":9,"href":"https:\/\/mayordomo.es\/fr\/wp-json\/wp\/v2\/pages\/8368\/revisions"}],"predecessor-version":[{"id":26586,"href":"https:\/\/mayordomo.es\/fr\/wp-json\/wp\/v2\/pages\/8368\/revisions\/26586"}],"wp:attachment":[{"href":"https:\/\/mayordomo.es\/fr\/wp-json\/wp\/v2\/media?parent=8368"}],"curies":[{"name":"wp","href":"https:\/\/api.w.org\/{rel}","templated":true}]}}