{"id":8404,"date":"2017-04-04T15:21:30","date_gmt":"2017-04-04T14:21:30","guid":{"rendered":"https:\/\/www.quimiromar.com\/?page_id=8404"},"modified":"2019-06-18T08:42:21","modified_gmt":"2019-06-18T07:42:21","slug":"politique-de-cookie","status":"publish","type":"page","link":"https:\/\/mayordomo.es\/fr\/politique-de-cookie\/","title":{"rendered":"Politique de cookie"},"content":{"rendered":"<h1>Politique de cookie<\/h1>\n<p>Cookie est un fichier qui est t\u00e9l\u00e9charg\u00e9 sur votre ordinateur lorsque vous acc\u00e9dez \u00e0 certaines pages Web.\u00a0Les cookies permettent, entre autres, de stocker et de r\u00e9cup\u00e9rer des informations sur les habitudes de navigation d&rsquo;un utilisateur ou de son ordinateur et, en fonction de l&rsquo;information qu&rsquo;ils contiennent et de l&rsquo;utilisation de leur \u00e9quipement, peuvent \u00eatre utilis\u00e9es pour reconna\u00eetre l&rsquo;utilisateur .. le navigateur de l&rsquo;utilisateur m\u00e9morise les cookies sur le disque dur uniquement pendant la session en cours occupant un espace de m\u00e9moire minimal et ne pas nuire \u00e0 l&rsquo;ordinateur.\u00a0Les cookies ne contiennent pas d&rsquo;informations personnelles sp\u00e9cifiques et la plupart d&rsquo;entre eux sont supprim\u00e9s du disque dur \u00e0 la fin de la session du navigateur (les cookies appel\u00e9s de la session).<\/p>\n<p>La plupart des navigateurs acceptent les cookies en standard et, ind\u00e9pendamment des cookies, permettent ou emp\u00eachent les cookies temporaires ou m\u00e9moris\u00e9s dans les param\u00e8tres de s\u00e9curit\u00e9.<\/p>\n<p>Sans votre consentement expr\u00e8s &#8211; en activant les cookies dans votre navigateur &#8211; Mayordomo.es ne liera pas dans les cookies les donn\u00e9es stock\u00e9es avec vos donn\u00e9es personnelles fournies au moment de l&rsquo;inscription ou de l&rsquo;achat.<\/p>\n<h2>Quels types de cookies utilise ce site?<\/h2>\n<ul>\n<li><strong>Cookies techniques<\/strong>\u00a0: ce sont ceux qui permettent \u00e0 l&rsquo;utilisateur de naviguer \u00e0 travers une page Web, une plate-forme ou une application et utiliser les diff\u00e9rentes options ou services existants, tels que le contr\u00f4le du trafic et la communication des donn\u00e9es, identifiez les session, acc\u00e8s aux pi\u00e8ces d&rsquo;acc\u00e8s restreint, rappelez-vous les \u00e9l\u00e9ments qui int\u00e8grent une commande, effectuez la proc\u00e9dure d&rsquo;achat d&rsquo;une commande, inscrivez-vous ou participez \u00e0 un \u00e9v\u00e9nement, utilisez des fonctionnalit\u00e9s de s\u00e9curit\u00e9 pendant la navigation, stockez le contenu pour diffusion de vid\u00e9os ou de sons ou de partager du contenu via les r\u00e9seaux sociaux.<\/li>\n<\/ul>\n<ul>\n<li><strong>Cookies de personnalisation:<\/strong>\u00a0ce sont ceux qui permettent \u00e0 l&rsquo;utilisateur d&rsquo;acc\u00e9der au service avec certaines caract\u00e9ristiques g\u00e9n\u00e9rales pr\u00e9d\u00e9finies selon une s\u00e9rie de crit\u00e8res dans le terminal de l&rsquo;utilisateur tel que la langue, le type de navigateur en acc\u00e9dant au service, la configuration r\u00e9gional d&rsquo;o\u00f9 le service est accessible, etc.<\/li>\n<\/ul>\n<ul>\n<li><strong>Cookies d&rsquo;analyse<\/strong>\u00a0: ce sont ceux qui sont bien trait\u00e9s par nous ou par des tiers, nous permettent de quantifier le nombre d&rsquo;utilisateurs et donc d&rsquo;effectuer la mesure statistique et l&rsquo;analyse de l&rsquo;utilisation faite par les utilisateurs du service offert.\u00a0Pour cela, nous analysons votre navigation sur notre site Web afin d&rsquo;am\u00e9liorer l&rsquo;offre de produits ou de services que nous offrons.<\/li>\n<\/ul>\n<ul>\n<li><strong>Cookies de publicit\u00e9<\/strong>\u00a0: ce sont ceux qui, trait\u00e9s par nous ou par des tiers, nous permettent de g\u00e9rer de mani\u00e8re plus efficace l&rsquo;offre d&rsquo;espace publicitaire sur le site, en adaptant le contenu de la publicit\u00e9 au contenu du service habituellement demand\u00e9 ou \u00e0 la utilisation de notre site web.\u00a0Pour cela, nous pouvons analyser vos habitudes de navigation Internet et nous pouvons afficher des publicit\u00e9s li\u00e9es \u00e0 votre profil de navigation.<\/li>\n<\/ul>\n<ul>\n<li><strong>Cookies de publicit\u00e9 comportementale<\/strong>\u00a0: ce sont ceux qui permettent la gestion, de la fa\u00e7on la plus efficace possible, des espaces publicitaires que l&rsquo;\u00e9diteur a inclus dans une page Web, une application ou une plate-forme \u00e0 partir de laquelle il fournit le service demand\u00e9.\u00a0Ces cookies stockent des informations sur le comportement des utilisateurs obtenus gr\u00e2ce \u00e0 l&rsquo;observation continue de leurs habitudes de navigation, ce qui permet de d\u00e9velopper un profil sp\u00e9cifique pour montrer la publicit\u00e9 en fonction de cela.<\/li>\n<\/ul>\n<ul>\n<li><strong>Cookies tiers<\/strong> : le site Mayordomo.es peut utiliser des services tiers qui, au nom de Mayordomo.es, recueillent des informations \u00e0 des fins statistiques, l&rsquo;utilisation du Site par l&rsquo;utilisateur et la fourniture d&rsquo;autres services li\u00e9s \u00e0 l&rsquo;activit\u00e9 de Mayordomo.es. site internet et autres services Internet.<\/li>\n<\/ul>\n<p>En particulier, ce site utilise Google Analytics, un service d&rsquo;analyse Web fourni par Google, Inc. domicili\u00e9 aux \u00c9tats-Unis avec son si\u00e8ge \u00e0 1600 Amphitheatre Parkway, Mountain View, California 94043. Pour la prestation de ces services, les cookies qui recueillent des informations, y compris l&rsquo;adresse IP de l&rsquo;utilisateur, qui seront transmises, trait\u00e9es et stock\u00e9es par Google dans les termes d\u00e9finis sur le site Google.com.\u00a0Y compris la transmission \u00e9ventuelle de cette information \u00e0 des tiers pour des raisons d&rsquo;exigence l\u00e9gale ou lorsque ces tiers traitent les informations pour compte de Google.<\/p>\n<p>Pour Google Analytics, nous utilisons ces types de cookies:<\/p>\n<ul>\n<li>UTMA: Il est utilis\u00e9 pour compter sur combien de fois le site visite une usuari.Caduca les 2 ans.<\/li>\n<li>UTMB: Il est utilis\u00e9 pour calculer le temps que l&rsquo;utilisateur a \u00e9t\u00e9 sur le Web pour finsestad\u00edstics.\u00a0Expire 30 minutes apr\u00e8s la derni\u00e8re inscription sur la page.<\/li>\n<li>UTMC: Il est utilis\u00e9 pour calculer le temps que l&rsquo;utilisateur a \u00e9t\u00e9 sur le Web \u00e0 des fins statistiques .Caduca \u00e0 la fin de la session.<\/li>\n<li>UTMZ: Utilis\u00e9 pour savoir comment un utilisateur est arriv\u00e9 sur le Web.\u00a0Expire \u00e0 6 mois<\/li>\n<\/ul>\n<h2>D\u00e9sactiver les cookies<\/h2>\n<p>La modification des param\u00e8tres d&rsquo;acceptation des cookies, pourrait entraver la navigation et soustraire les fonctionnalit\u00e9s sur notre site Web.\u00a0Toutefois, si vous souhaitez plus d&rsquo;informations sur votre configuration, vous pouvez consulter les pages Web de diff\u00e9rents navigateurs:<\/p>\n<p>Google Chrome: https:\/\/support.google.com\/chrome\/answer\/95647?hl=fr<br \/>\nFirefox: http:\/\/support.mozilla.org\/fr\/home<br \/>\nInternet Explorer: http:\/\/support.microsoft.com\/ph\/807<br \/>\nSafari: http:\/\/support.apple.com\/kb\/HT1677?viewlocale=fr_US<br \/>\nOpera: http:\/\/help.opera.com\/Windows\/8.54\/en-US\/index.html<\/p>","protected":false},"excerpt":{"rendered":"<p><span class=\"excerpt-hellip\"> [\u2026]<\/span><\/p>","protected":false},"author":1,"featured_media":0,"parent":0,"menu_order":0,"comment_status":"closed","ping_status":"closed","template":"","meta":{"footnotes":""},"class_list":["post-8404","page","type-page","status-publish","hentry"],"yoast_head":"<!-- This site is optimized with the Yoast SEO plugin v24.5 - https:\/\/yoast.com\/wordpress\/plugins\/seo\/ -->\n<title>Politique de cookie | Mayordomo<\/title>\n<meta name=\"robots\" content=\"noindex, nofollow\" \/>\n<meta property=\"og:locale\" content=\"fr_FR\" \/>\n<meta property=\"og:type\" content=\"article\" \/>\n<meta property=\"og:title\" content=\"Politique de cookie | Mayordomo\" \/>\n<meta property=\"og:description\" content=\"[\u2026]\" \/>\n<meta property=\"og:url\" content=\"https:\/\/mayordomo.es\/fr\/politique-de-cookie\/\" \/>\n<meta property=\"og:site_name\" content=\"Mayordomo\" \/>\n<meta property=\"article:modified_time\" content=\"2019-06-18T07:42:21+00:00\" \/>\n<meta name=\"twitter:card\" content=\"summary_large_image\" \/>\n<meta name=\"twitter:label1\" content=\"Dur\u00e9e de lecture estim\u00e9e\" \/>\n\t<meta name=\"twitter:data1\" content=\"5 minutes\" \/>\n<script type=\"application\/ld+json\" class=\"yoast-schema-graph\">{\"@context\":\"https:\/\/schema.org\",\"@graph\":[{\"@type\":\"WebPage\",\"@id\":\"https:\/\/mayordomo.es\/fr\/politique-de-cookie\/\",\"url\":\"https:\/\/mayordomo.es\/fr\/politique-de-cookie\/\",\"name\":\"Politique de cookie | Mayordomo\",\"isPartOf\":{\"@id\":\"https:\/\/mayordomo.es\/fr\/#website\"},\"datePublished\":\"2017-04-04T14:21:30+00:00\",\"dateModified\":\"2019-06-18T07:42:21+00:00\",\"breadcrumb\":{\"@id\":\"https:\/\/mayordomo.es\/fr\/politique-de-cookie\/#breadcrumb\"},\"inLanguage\":\"fr-FR\",\"potentialAction\":[{\"@type\":\"ReadAction\",\"target\":[\"https:\/\/mayordomo.es\/fr\/politique-de-cookie\/\"]}]},{\"@type\":\"BreadcrumbList\",\"@id\":\"https:\/\/mayordomo.es\/fr\/politique-de-cookie\/#breadcrumb\",\"itemListElement\":[{\"@type\":\"ListItem\",\"position\":1,\"name\":\"Home\",\"item\":\"https:\/\/mayordomo.es\/fr\/\"},{\"@type\":\"ListItem\",\"position\":2,\"name\":\"Politique de cookie\"}]},{\"@type\":\"WebSite\",\"@id\":\"https:\/\/mayordomo.es\/fr\/#website\",\"url\":\"https:\/\/mayordomo.es\/fr\/\",\"name\":\"Mayordomo\",\"description\":\"Limpieza del hogar y cuidado de la ropa\",\"publisher\":{\"@id\":\"https:\/\/mayordomo.es\/fr\/#organization\"},\"potentialAction\":[{\"@type\":\"SearchAction\",\"target\":{\"@type\":\"EntryPoint\",\"urlTemplate\":\"https:\/\/mayordomo.es\/fr\/?s={search_term_string}\"},\"query-input\":{\"@type\":\"PropertyValueSpecification\",\"valueRequired\":true,\"valueName\":\"search_term_string\"}}],\"inLanguage\":\"fr-FR\"},{\"@type\":\"Organization\",\"@id\":\"https:\/\/mayordomo.es\/fr\/#organization\",\"name\":\"Mayordomo\",\"url\":\"https:\/\/mayordomo.es\/fr\/\",\"logo\":{\"@type\":\"ImageObject\",\"inLanguage\":\"fr-FR\",\"@id\":\"https:\/\/mayordomo.es\/fr\/#\/schema\/logo\/image\/\",\"url\":\"https:\/\/mayordomo.es\/wp-content\/uploads\/black2x.svg\",\"contentUrl\":\"https:\/\/mayordomo.es\/wp-content\/uploads\/black2x.svg\",\"width\":229,\"height\":89,\"caption\":\"Mayordomo\"},\"image\":{\"@id\":\"https:\/\/mayordomo.es\/fr\/#\/schema\/logo\/image\/\"}}]}<\/script>\n<!-- \/ Yoast SEO plugin. -->","yoast_head_json":{"title":"Politique de cookie | Mayordomo","robots":{"index":"noindex","follow":"nofollow"},"og_locale":"fr_FR","og_type":"article","og_title":"Politique de cookie | Mayordomo","og_description":"[\u2026]","og_url":"https:\/\/mayordomo.es\/fr\/politique-de-cookie\/","og_site_name":"Mayordomo","article_modified_time":"2019-06-18T07:42:21+00:00","twitter_card":"summary_large_image","twitter_misc":{"Dur\u00e9e de lecture estim\u00e9e":"5 minutes"},"schema":{"@context":"https:\/\/schema.org","@graph":[{"@type":"WebPage","@id":"https:\/\/mayordomo.es\/fr\/politique-de-cookie\/","url":"https:\/\/mayordomo.es\/fr\/politique-de-cookie\/","name":"Politique de cookie | Mayordomo","isPartOf":{"@id":"https:\/\/mayordomo.es\/fr\/#website"},"datePublished":"2017-04-04T14:21:30+00:00","dateModified":"2019-06-18T07:42:21+00:00","breadcrumb":{"@id":"https:\/\/mayordomo.es\/fr\/politique-de-cookie\/#breadcrumb"},"inLanguage":"fr-FR","potentialAction":[{"@type":"ReadAction","target":["https:\/\/mayordomo.es\/fr\/politique-de-cookie\/"]}]},{"@type":"BreadcrumbList","@id":"https:\/\/mayordomo.es\/fr\/politique-de-cookie\/#breadcrumb","itemListElement":[{"@type":"ListItem","position":1,"name":"Home","item":"https:\/\/mayordomo.es\/fr\/"},{"@type":"ListItem","position":2,"name":"Politique de cookie"}]},{"@type":"WebSite","@id":"https:\/\/mayordomo.es\/fr\/#website","url":"https:\/\/mayordomo.es\/fr\/","name":"Mayordomo","description":"Limpieza del hogar y cuidado de la ropa","publisher":{"@id":"https:\/\/mayordomo.es\/fr\/#organization"},"potentialAction":[{"@type":"SearchAction","target":{"@type":"EntryPoint","urlTemplate":"https:\/\/mayordomo.es\/fr\/?s={search_term_string}"},"query-input":{"@type":"PropertyValueSpecification","valueRequired":true,"valueName":"search_term_string"}}],"inLanguage":"fr-FR"},{"@type":"Organization","@id":"https:\/\/mayordomo.es\/fr\/#organization","name":"Mayordomo","url":"https:\/\/mayordomo.es\/fr\/","logo":{"@type":"ImageObject","inLanguage":"fr-FR","@id":"https:\/\/mayordomo.es\/fr\/#\/schema\/logo\/image\/","url":"https:\/\/mayordomo.es\/wp-content\/uploads\/black2x.svg","contentUrl":"https:\/\/mayordomo.es\/wp-content\/uploads\/black2x.svg","width":229,"height":89,"caption":"Mayordomo"},"image":{"@id":"https:\/\/mayordomo.es\/fr\/#\/schema\/logo\/image\/"}}]}},"_links":{"self":[{"href":"https:\/\/mayordomo.es\/fr\/wp-json\/wp\/v2\/pages\/8404","targetHints":{"allow":["GET"]}}],"collection":[{"href":"https:\/\/mayordomo.es\/fr\/wp-json\/wp\/v2\/pages"}],"about":[{"href":"https:\/\/mayordomo.es\/fr\/wp-json\/wp\/v2\/types\/page"}],"author":[{"embeddable":true,"href":"https:\/\/mayordomo.es\/fr\/wp-json\/wp\/v2\/users\/1"}],"replies":[{"embeddable":true,"href":"https:\/\/mayordomo.es\/fr\/wp-json\/wp\/v2\/comments?post=8404"}],"version-history":[{"count":4,"href":"https:\/\/mayordomo.es\/fr\/wp-json\/wp\/v2\/pages\/8404\/revisions"}],"predecessor-version":[{"id":10745,"href":"https:\/\/mayordomo.es\/fr\/wp-json\/wp\/v2\/pages\/8404\/revisions\/10745"}],"wp:attachment":[{"href":"https:\/\/mayordomo.es\/fr\/wp-json\/wp\/v2\/media?parent=8404"}],"curies":[{"name":"wp","href":"https:\/\/api.w.org\/{rel}","templated":true}]}}