{"id":9290,"date":"2018-03-20T10:55:14","date_gmt":"2018-03-20T09:55:14","guid":{"rendered":"https:\/\/www.quimiromar.com\/?page_id=9290"},"modified":"2019-06-18T10:06:04","modified_gmt":"2019-06-18T09:06:04","slug":"politica-de-privacidad","status":"publish","type":"page","link":"https:\/\/mayordomo.es\/fr\/politica-de-privacidad\/","title":{"rendered":"Politique de confidentialit\u00e9"},"content":{"rendered":"<h1>Politique de confidentialit\u00e9<\/h1>\n<p>Le propri\u00e9taire du site Web https:\/\/mayordomo.es\/ est Mayordomo, SLU, ainsi que le propri\u00e9taire et le responsable des fichiers avec les informations personnelles fournies volontairement par ses utilisateurs ayant adopt\u00e9 toutes les mesures de s\u00e9curit\u00e9 requises par la loi pour: la protection des donn\u00e9es et la vie priv\u00e9e de ses utilisateurs.<\/p>\n<p>Le traitement des donn\u00e9es \u00e0 caract\u00e8re personnel effectu\u00e9 via ce site Web est conforme aux dispositions du r\u00e8glement 2016\/679 relatif \u00e0 la protection g\u00e9n\u00e9rale des donn\u00e9es, \u00e0 la loi organique sur la protection des donn\u00e9es et aux mesures de s\u00e9curit\u00e9 en vigueur application selon le d\u00e9veloppement normatif.<\/p>\n<p>Droit \u00e0 l&rsquo;information<\/p>\n<p>Si l&rsquo;utilisateur d\u00e9cide de demander des informations sur notre site Web, les donn\u00e9es strictement n\u00e9cessaires pour atteindre l&rsquo;objectif auquel notre site Web est destin\u00e9, \u00e0 savoir l&rsquo;information et la promotion de nos services, sont toutes disponibles sur notre site Web. En aucun cas, ils ne seront utilis\u00e9s \u00e0 des fins autres que celles pour lesquelles ils ont \u00e9t\u00e9 volontairement introduits sur le Web.<\/p>\n<p>Les donn\u00e9es personnelles que l&rsquo;utilisateur nous fournit feront partie d&rsquo;un traitement de donn\u00e9es personnelles. Ces donn\u00e9es personnelles feront l&rsquo;objet d&rsquo;un traitement, \u00e0 condition que l&rsquo;utilisateur ait pr\u00e9alablement donn\u00e9 son consentement, qu&rsquo;il les pr\u00eate en cliquant sur le bouton \u00ab\u00a0Envoyer\u00a0\u00bb et peut r\u00e9voquer le consentement \u00e0 tout moment.<\/p>\n<p>Ceux qui fournissent volontairement leurs donn\u00e9es au propri\u00e9taire du site par tout moyen \u00e9tabli \u00e0 cet effet, \u00e0 tout moment, d&rsquo;accord et d&rsquo;accepter de savoir explicitement, avec pr\u00e9cision et sans \u00e9quivoque pour avoir cliqu\u00e9 sur la case, ce qui suit:<\/p>\n<p>Le RESPONSABLE du traitement est Butler S.L.U.<\/p>\n<p>Les BESOINS du traitement sont limit\u00e9s \u00e0:<\/p>\n<p>la gestion de la demande, demande ou consultation, et la maintenance des relations entre le Web et ses utilisateurs.<br \/>\nl&rsquo;autorisation sans \u00e9quivoque que peut l&rsquo;information fournie \u00e0 joignons utilis\u00e9, par tout moyen de communication, y compris les communications commerciales \u00e9lectroniques avec communication des informations pertinentes et de rappel, \u00e0 condition que vous avez coch\u00e9 la case appropri\u00e9e ou a exprim\u00e9, par tout moyen, sans ambigu\u00eft\u00e9 votre autorisation.<br \/>\ndes informations pour l&rsquo;utilisation de cookies \u00e0 des fins sp\u00e9cifiques et sp\u00e9cifiques, inform\u00e9es \u00e0 tout moment dans la pr\u00e9sente politique de confidentialit\u00e9.<\/p>\n<p>La LEGITIMATION pour le traitement est bas\u00e9e sur la relation \u00e9tablie et votre consentement sans \u00e9quivoque. Nous vous informons que vous pouvez r\u00e9voquer votre consentement \u00e0 tout moment, par un moyen simple et efficace.<\/p>\n<p>Nous garantissons \u00e0 vos DROITS l&rsquo;acc\u00e8s, la rectification ou la suppression de vos donn\u00e9es, ainsi que votre droit de limitation ou de portabilit\u00e9.<\/p>\n<p>Nous vous informons que nous conserverons vos informations jusqu&rsquo;\u00e0 ce que vous r\u00e9voquiez votre autorisation. Une fois celle-ci r\u00e9voqu\u00e9e, elle sera d\u00e9finie en fonction des crit\u00e8res d&rsquo;\u00e9puisement des d\u00e9lais de prescription applicables aux actions.<\/p>\n<p>Informations sur les utilisateurs<\/p>\n<p>Nous enregistrons vos donn\u00e9es IP (Internet Protocol) attribu\u00e9es \u00e0 l&rsquo;abonn\u00e9 de la ligne t\u00e9l\u00e9phonique au moment de la connexion \u00e0 ce site Web, \u00e0 des fins de s\u00e9curit\u00e9 et de collaboration avec le minist\u00e8re de la Justice. Les donn\u00e9es seront conserv\u00e9es par le fournisseur de services pendant la p\u00e9riode fix\u00e9e par la l\u00e9gislation en vigueur.<\/p>\n<p>Droits d&rsquo;acc\u00e8s, de rectification, d&rsquo;opposition, de suppression, de limitation, droit de ne pas \u00eatre soumis \u00e0 des d\u00e9cisions automatis\u00e9es et \u00e0 la portabilit\u00e9<\/p>\n<p>A tout moment, l&rsquo;utilisateur a le droit d&rsquo;acc\u00e9der \u00e0 vos informations, correctes si les donn\u00e9es sont incorrectes, pour opposer \u00e0 tout traitement associ\u00e9 au maintien de la relation contractuelle, de r\u00e9voquer le consentement accord\u00e9 \u00e0 appliquer la restriction ou le retrait de votre traitement, pour ne pas \u00eatre soumis \u00e0 des d\u00e9cisions automatis\u00e9es, \u00e0 votre droit de portabilit\u00e9 et pour vous d\u00e9sabonner des services de ce responsable du traitement.<\/p>\n<p>Ces droits peuvent \u00eatre mis en vigueur avant l\u2019accr\u00e9ditation de la personnalit\u00e9 dans les formes et selon les termes \u00e9tablis dans le r\u00e8glement g\u00e9n\u00e9ral sur la protection des donn\u00e9es, en \u00e9crivant \u00e0 l\u2019adresse postale indiqu\u00e9e dans la notice l\u00e9gale du Web. Vous pouvez exercer des r\u00e9clamations devant l&rsquo;autorit\u00e9 de contr\u00f4le.<\/p>\n<p>Le traitement des donn\u00e9es \u00e0 caract\u00e8re personnel et l&rsquo;envoi de communications par voie \u00e9lectronique, le cas \u00e9ch\u00e9ant, sont adapt\u00e9s aux r\u00e9glementations \u00e9tablies dans le r\u00e8glement g\u00e9n\u00e9ral sur la protection des donn\u00e9es, la loi organique sur la protection des donn\u00e9es \u00e0 caract\u00e8re personnel en vigueur et dans la loi. 34\/2002, du 11 juillet, Services de la soci\u00e9t\u00e9 de l&rsquo;information et du commerce \u00e9lectronique.<\/p>\n<p>R\u00c9SEAUX SOCIAUX<\/p>\n<p>Les donn\u00e9es de votre profil et toutes celles que vous fournissez deviennent partie int\u00e9grante d&rsquo;un traitement de donn\u00e9es et vous serez consid\u00e9r\u00e9 comme une personne int\u00e9ress\u00e9e dans notre soci\u00e9t\u00e9. Vous devez savoir et en devenant un ami ou un partisan du profil ou du compte de la soci\u00e9t\u00e9 que les donn\u00e9es que vous avez ouvertes peuvent \u00eatre trait\u00e9es par nous aux fins d\u2019informations la concernant ou concernant ce que je peux fournir. Vos donn\u00e9es peuvent \u00e9galement \u00eatre consult\u00e9es par d&rsquo;autres membres qui sont devenus des amis ou qui ont \u00e9t\u00e9 ajout\u00e9s \u00e0 cette soci\u00e9t\u00e9, \u00e9tant ainsi vous qui pouvez d\u00e9cider de leur degr\u00e9 de confidentialit\u00e9 dans le r\u00e9seau social. La base l\u00e9gale est le consentement, que vous supposez une fois que vous avez d\u00e9cid\u00e9 de faire partie du compte, le consentement que vous pouvez r\u00e9voquer \u00e0 tout moment. Vous avez le droit de d\u00e9poser une r\u00e9clamation aupr\u00e8s de l&rsquo;autorit\u00e9 de surveillance. Vos donn\u00e9es ne seront pas conserv\u00e9es une fois que vous aurez d\u00e9cid\u00e9 de ne pas faire partie du r\u00e9seau, du compte ou du profil de cette entit\u00e9. Si vous souhaitez exercer vos droits d&rsquo;acc\u00e8s, y compris le droit d&rsquo;obtenir une copie des donn\u00e9es \u00e0 caract\u00e8re personnel faisant l&rsquo;objet d&rsquo;un traitement, d&rsquo;une rectification, d&rsquo;une opposition, d&rsquo;une suppression ou d&rsquo;une suppression, de la transf\u00e9rabilit\u00e9 et de la limitation du traitement, veuillez contacter par \u00e9crit la personne responsable du traitement, Butler, SLU, PO Box 41 de Moncada, Tel: 963 21 27 85, E-mail: info@mayordomo.es, vous avez le droit de d\u00e9poser une r\u00e9clamation aupr\u00e8s de l&rsquo;autorit\u00e9 de surveillance. \u00ab\u00a0<\/p>","protected":false},"excerpt":{"rendered":"<p><span class=\"excerpt-hellip\"> [\u2026]<\/span><\/p>","protected":false},"author":1,"featured_media":0,"parent":0,"menu_order":0,"comment_status":"closed","ping_status":"closed","template":"","meta":{"footnotes":""},"class_list":["post-9290","page","type-page","status-publish","hentry"],"yoast_head":"<!-- This site is optimized with the Yoast SEO plugin v24.5 - https:\/\/yoast.com\/wordpress\/plugins\/seo\/ -->\n<title>Politique de confidentialit\u00e9 | Mayordomo<\/title>\n<meta name=\"robots\" content=\"noindex, nofollow\" \/>\n<meta property=\"og:locale\" content=\"fr_FR\" \/>\n<meta property=\"og:type\" content=\"article\" \/>\n<meta property=\"og:title\" content=\"Politique de confidentialit\u00e9 | Mayordomo\" \/>\n<meta property=\"og:description\" content=\"[\u2026]\" \/>\n<meta property=\"og:url\" content=\"https:\/\/mayordomo.es\/fr\/politica-de-privacidad\/\" \/>\n<meta property=\"og:site_name\" content=\"Mayordomo\" \/>\n<meta property=\"article:modified_time\" content=\"2019-06-18T09:06:04+00:00\" \/>\n<meta name=\"twitter:card\" content=\"summary_large_image\" \/>\n<meta name=\"twitter:label1\" content=\"Dur\u00e9e de lecture estim\u00e9e\" \/>\n\t<meta name=\"twitter:data1\" content=\"5 minutes\" \/>\n<script type=\"application\/ld+json\" class=\"yoast-schema-graph\">{\"@context\":\"https:\/\/schema.org\",\"@graph\":[{\"@type\":\"WebPage\",\"@id\":\"https:\/\/mayordomo.es\/fr\/politica-de-privacidad\/\",\"url\":\"https:\/\/mayordomo.es\/fr\/politica-de-privacidad\/\",\"name\":\"Politique de confidentialit\u00e9 | Mayordomo\",\"isPartOf\":{\"@id\":\"https:\/\/mayordomo.es\/fr\/#website\"},\"datePublished\":\"2018-03-20T09:55:14+00:00\",\"dateModified\":\"2019-06-18T09:06:04+00:00\",\"breadcrumb\":{\"@id\":\"https:\/\/mayordomo.es\/fr\/politica-de-privacidad\/#breadcrumb\"},\"inLanguage\":\"fr-FR\",\"potentialAction\":[{\"@type\":\"ReadAction\",\"target\":[\"https:\/\/mayordomo.es\/fr\/politica-de-privacidad\/\"]}]},{\"@type\":\"BreadcrumbList\",\"@id\":\"https:\/\/mayordomo.es\/fr\/politica-de-privacidad\/#breadcrumb\",\"itemListElement\":[{\"@type\":\"ListItem\",\"position\":1,\"name\":\"Home\",\"item\":\"https:\/\/mayordomo.es\/fr\/\"},{\"@type\":\"ListItem\",\"position\":2,\"name\":\"Politique de confidentialit\u00e9\"}]},{\"@type\":\"WebSite\",\"@id\":\"https:\/\/mayordomo.es\/fr\/#website\",\"url\":\"https:\/\/mayordomo.es\/fr\/\",\"name\":\"Mayordomo\",\"description\":\"Limpieza del hogar y cuidado de la ropa\",\"publisher\":{\"@id\":\"https:\/\/mayordomo.es\/fr\/#organization\"},\"potentialAction\":[{\"@type\":\"SearchAction\",\"target\":{\"@type\":\"EntryPoint\",\"urlTemplate\":\"https:\/\/mayordomo.es\/fr\/?s={search_term_string}\"},\"query-input\":{\"@type\":\"PropertyValueSpecification\",\"valueRequired\":true,\"valueName\":\"search_term_string\"}}],\"inLanguage\":\"fr-FR\"},{\"@type\":\"Organization\",\"@id\":\"https:\/\/mayordomo.es\/fr\/#organization\",\"name\":\"Mayordomo\",\"url\":\"https:\/\/mayordomo.es\/fr\/\",\"logo\":{\"@type\":\"ImageObject\",\"inLanguage\":\"fr-FR\",\"@id\":\"https:\/\/mayordomo.es\/fr\/#\/schema\/logo\/image\/\",\"url\":\"https:\/\/mayordomo.es\/wp-content\/uploads\/black2x.svg\",\"contentUrl\":\"https:\/\/mayordomo.es\/wp-content\/uploads\/black2x.svg\",\"width\":229,\"height\":89,\"caption\":\"Mayordomo\"},\"image\":{\"@id\":\"https:\/\/mayordomo.es\/fr\/#\/schema\/logo\/image\/\"}}]}<\/script>\n<!-- \/ Yoast SEO plugin. -->","yoast_head_json":{"title":"Politique de confidentialit\u00e9 | Mayordomo","robots":{"index":"noindex","follow":"nofollow"},"og_locale":"fr_FR","og_type":"article","og_title":"Politique de confidentialit\u00e9 | Mayordomo","og_description":"[\u2026]","og_url":"https:\/\/mayordomo.es\/fr\/politica-de-privacidad\/","og_site_name":"Mayordomo","article_modified_time":"2019-06-18T09:06:04+00:00","twitter_card":"summary_large_image","twitter_misc":{"Dur\u00e9e de lecture estim\u00e9e":"5 minutes"},"schema":{"@context":"https:\/\/schema.org","@graph":[{"@type":"WebPage","@id":"https:\/\/mayordomo.es\/fr\/politica-de-privacidad\/","url":"https:\/\/mayordomo.es\/fr\/politica-de-privacidad\/","name":"Politique de confidentialit\u00e9 | Mayordomo","isPartOf":{"@id":"https:\/\/mayordomo.es\/fr\/#website"},"datePublished":"2018-03-20T09:55:14+00:00","dateModified":"2019-06-18T09:06:04+00:00","breadcrumb":{"@id":"https:\/\/mayordomo.es\/fr\/politica-de-privacidad\/#breadcrumb"},"inLanguage":"fr-FR","potentialAction":[{"@type":"ReadAction","target":["https:\/\/mayordomo.es\/fr\/politica-de-privacidad\/"]}]},{"@type":"BreadcrumbList","@id":"https:\/\/mayordomo.es\/fr\/politica-de-privacidad\/#breadcrumb","itemListElement":[{"@type":"ListItem","position":1,"name":"Home","item":"https:\/\/mayordomo.es\/fr\/"},{"@type":"ListItem","position":2,"name":"Politique de confidentialit\u00e9"}]},{"@type":"WebSite","@id":"https:\/\/mayordomo.es\/fr\/#website","url":"https:\/\/mayordomo.es\/fr\/","name":"Mayordomo","description":"Limpieza del hogar y cuidado de la ropa","publisher":{"@id":"https:\/\/mayordomo.es\/fr\/#organization"},"potentialAction":[{"@type":"SearchAction","target":{"@type":"EntryPoint","urlTemplate":"https:\/\/mayordomo.es\/fr\/?s={search_term_string}"},"query-input":{"@type":"PropertyValueSpecification","valueRequired":true,"valueName":"search_term_string"}}],"inLanguage":"fr-FR"},{"@type":"Organization","@id":"https:\/\/mayordomo.es\/fr\/#organization","name":"Mayordomo","url":"https:\/\/mayordomo.es\/fr\/","logo":{"@type":"ImageObject","inLanguage":"fr-FR","@id":"https:\/\/mayordomo.es\/fr\/#\/schema\/logo\/image\/","url":"https:\/\/mayordomo.es\/wp-content\/uploads\/black2x.svg","contentUrl":"https:\/\/mayordomo.es\/wp-content\/uploads\/black2x.svg","width":229,"height":89,"caption":"Mayordomo"},"image":{"@id":"https:\/\/mayordomo.es\/fr\/#\/schema\/logo\/image\/"}}]}},"_links":{"self":[{"href":"https:\/\/mayordomo.es\/fr\/wp-json\/wp\/v2\/pages\/9290","targetHints":{"allow":["GET"]}}],"collection":[{"href":"https:\/\/mayordomo.es\/fr\/wp-json\/wp\/v2\/pages"}],"about":[{"href":"https:\/\/mayordomo.es\/fr\/wp-json\/wp\/v2\/types\/page"}],"author":[{"embeddable":true,"href":"https:\/\/mayordomo.es\/fr\/wp-json\/wp\/v2\/users\/1"}],"replies":[{"embeddable":true,"href":"https:\/\/mayordomo.es\/fr\/wp-json\/wp\/v2\/comments?post=9290"}],"version-history":[{"count":5,"href":"https:\/\/mayordomo.es\/fr\/wp-json\/wp\/v2\/pages\/9290\/revisions"}],"predecessor-version":[{"id":10762,"href":"https:\/\/mayordomo.es\/fr\/wp-json\/wp\/v2\/pages\/9290\/revisions\/10762"}],"wp:attachment":[{"href":"https:\/\/mayordomo.es\/fr\/wp-json\/wp\/v2\/media?parent=9290"}],"curies":[{"name":"wp","href":"https:\/\/api.w.org\/{rel}","templated":true}]}}